{"id":371,"date":"2020-05-20T18:33:03","date_gmt":"2020-05-20T22:33:03","guid":{"rendered":"http:\/\/taliweinstein.wpengine.com\/?page_id=371"},"modified":"2020-07-06T14:34:49","modified_gmt":"2020-07-06T14:34:49","slug":"meet-tali-spanish","status":"publish","type":"page","link":"https:\/\/www.taliforda.com\/es\/meet-tali-spanish\/","title":{"rendered":"Conoce a TFW"},"content":{"rendered":"<p>Tali Farhadian Weinstein es fiscal, profesora y una reformadora comprobada de la justicia penal. Tambi\u00e9n es inmigrante, hija, esposa y es madre de tres ni\u00f1as.<\/p>\n<p>Tali lleg\u00f3 a Estados Unidos cuando era ni\u00f1a en busca de esperanza en la v\u00edspera de Navidad de 1979, huyendo de la violencia y el antisemitismo del Ir\u00e1n revolucionario. La familia de Tali depend\u00eda de los abogados gratuitos de la Sociedad Hebrea de Ayuda al Inmigrante, para guiarlos durante una d\u00e9cada de procedimientos legales, hasta que se convirtieron en ciudadanos estadounidenses.<\/p>\n<p>Farah y Nasser, los padres de Tali, al igual que muchos inmigrantes tuvieron el valor de sacrificar todo y enfrentar lo desconocido para que ella y sus hermanos pudieran crecer experimentando seguridad, equidad y justicia. Tali, a su vez, ha dedicado su carrera a luchar por esos principios; a servir al pa\u00eds y la ciudad que le dieron refugio, oportunidad y libertad; y hacerse escuchar como una campeona para quienes enfrentan vulnerabilidad y violencia en sus vidas. <img loading=\"lazy\" decoding=\"async\" class=\"alignright wp-image-333\" src=\"https:\/\/www.taliforda.com\/wp-content\/uploads\/2020\/06\/20200510-_DSC2567.custom1fl.jpg\" alt=\"\" width=\"500\" height=\"281\" \/><\/p>\n<p>Tras obtener t\u00edtulos de Yale College, Universidad de Oxford, donde fue becaria de Rhodes, y la Escuela de Derecho de Yale, Tali fue secretaria jur\u00eddica del juez Merrick B. Garland en el Tribunal de Apelaciones de los Estados Unidos para el Circuito de DC, y en la Corte Suprema de los EE. UU. para la jueza Sandra Day O&#8217;Connor.<\/p>\n<p>Tali pas\u00f3 casi una d\u00e9cada en el Departamento de Justicia de los Estados Unidos, primero como abogada del fiscal general Eric Holder bajo la administraci\u00f3n del presidente Barack Obama, y \u200b\u200bluego como fiscal federal. Como Asistente del Fiscal Federal, Tali investig\u00f3 y proces\u00f3 casos que van desde violencia con armas y asesinatos, hasta la corrupci\u00f3n p\u00fablica, fraudes tributarios y otros, y asuntos de seguridad nacional.<\/p>\n<p>M\u00e1s recientemente, Tali se desempe\u00f1\u00f3 como asesora general de la Oficina del Fiscal de Distrito de Brooklyn, que bajo el liderazgo de Eric Gonz\u00e1lez se considera un modelo nacional de procuradur\u00eda progresista, y que ha mantenido el crimen &#8211; especialmente el crimen violento &#8211;\u00a0 en niveles m\u00ednimos hist\u00f3ricos para la ciudad. En este puesto, Tali se desempe\u00f1\u00f3 como asesora de confianza del Fiscal de Distrito y fue una parte importante del equipo de liderazgo encargado de implementar la agenda de reforma a la justicia penal de la Oficina. Tambi\u00e9n administr\u00f3 varios bur\u00f3s de la agencia, dirigi\u00f3 litigios complejos, y dirigi\u00f3 el dise\u00f1o y creaci\u00f3n de la primera Oficina de Justicia Postconvicci\u00f3n de la naci\u00f3n, una unidad dedicada a revisar y corregir algunos de los excesos y errores del pasado.<\/p>\n<p><img loading=\"lazy\" decoding=\"async\" class=\"alignleft wp-image-339\" src=\"https:\/\/www.taliforda.com\/wp-content\/uploads\/2020\/06\/20200510-_DSC2840.custom2fl.jpg\" alt=\"\" width=\"500\" height=\"357\" \/>Al igual que su madre, Tali tambi\u00e9n es maestra. Ha ense\u00f1ado leyes y pol\u00edticas de inmigraci\u00f3n en la Facultad de Derecho de Columbia, y actualmente es profesora adjunta de derecho, y profesora adjunta de derecho cl\u00ednico en la Escuela de Derecho de NYU, donde ense\u00f1a \u00abReforma a la justicia penal y el Fiscal de Distrito\u00bb. Tali es una experta nacional en la transformaci\u00f3n del enjuiciamiento local que ocurre actualmente en todo el pa\u00eds.<\/p>\n<p>Tali conoce que el sistema de justicia de Estados Unidos est\u00e1 en un proceso de cambiar para mejor. La Oficina del Fiscal de Distrito de Manhattan puede y debe forjar el ejemplo nacional para brindar seguridad, equidad y justicia para todos. Necesita una l\u00edder que tenga la experiencia, el conocimiento y la humanidad para llevarnos all\u00ed.<\/p>\n","protected":false},"excerpt":{"rendered":"<p>Tali Farhadian Weinstein es fiscal, profesora y una reformadora comprobada de la justicia penal. Tambi\u00e9n es inmigrante, hija, esposa y es madre de tres ni\u00f1as. Tali lleg\u00f3 a Estados Unidos cuando era ni\u00f1a en busca de esperanza en la v\u00edspera de Navidad de 1979, huyendo de la violencia y el antisemitismo del Ir\u00e1n revolucionario. La &hellip;<\/p>\n","protected":false},"author":3,"featured_media":0,"parent":0,"menu_order":0,"comment_status":"closed","ping_status":"closed","template":"","meta":{"_acf_changed":false,"footnotes":""},"class_list":["post-371","page","type-page","status-publish","hentry"],"acf":[],"yoast_head":"<!-- This site is optimized with the Yoast SEO plugin v24.8.1 - https:\/\/yoast.com\/wordpress\/plugins\/seo\/ -->\n<title>Conoce a TFW - Tali Farhadian Weinstein for Manhattan DA<\/title>\n<meta name=\"robots\" content=\"index, follow, max-snippet:-1, max-image-preview:large, max-video-preview:-1\" \/>\n<link rel=\"canonical\" href=\"https:\/\/www.taliforda.com\/es\/meet-tali-spanish\/\" \/>\n<meta property=\"og:locale\" content=\"es_ES\" \/>\n<meta property=\"og:type\" content=\"article\" \/>\n<meta property=\"og:title\" content=\"Conoce a TFW - Tali Farhadian Weinstein for Manhattan DA\" \/>\n<meta property=\"og:description\" content=\"Tali Farhadian Weinstein es fiscal, profesora y una reformadora comprobada de la justicia penal. Tambi\u00e9n es inmigrante, hija, esposa y es madre de tres ni\u00f1as. Tali lleg\u00f3 a Estados Unidos cuando era ni\u00f1a en busca de esperanza en la v\u00edspera de Navidad de 1979, huyendo de la violencia y el antisemitismo del Ir\u00e1n revolucionario. La &hellip;\" \/>\n<meta property=\"og:url\" content=\"https:\/\/www.taliforda.com\/es\/meet-tali-spanish\/\" \/>\n<meta property=\"og:site_name\" content=\"Tali Farhadian Weinstein for Manhattan DA\" \/>\n<meta property=\"article:publisher\" content=\"https:\/\/www.facebook.com\/Tali-Farhadian-Weinstein-111148120626207\" \/>\n<meta property=\"article:modified_time\" content=\"2020-07-06T14:34:49+00:00\" \/>\n<meta property=\"og:image\" content=\"https:\/\/www.taliforda.com\/wp-content\/uploads\/2020\/06\/20200510-_DSC2567.custom1fl.jpg\" \/>\n<meta name=\"twitter:card\" content=\"summary_large_image\" \/>\n<meta name=\"twitter:site\" content=\"@TaliFarhadian\" \/>\n<meta name=\"twitter:label1\" content=\"Tiempo de lectura\" \/>\n\t<meta name=\"twitter:data1\" content=\"3 minutos\" \/>\n<script type=\"application\/ld+json\" class=\"yoast-schema-graph\">{\"@context\":\"https:\/\/schema.org\",\"@graph\":[{\"@type\":\"WebPage\",\"@id\":\"https:\/\/www.taliforda.com\/es\/meet-tali-spanish\/\",\"url\":\"https:\/\/www.taliforda.com\/es\/meet-tali-spanish\/\",\"name\":\"Conoce a TFW - Tali Farhadian Weinstein for Manhattan DA\",\"isPartOf\":{\"@id\":\"https:\/\/www.taliforda.com\/es\/#website\"},\"primaryImageOfPage\":{\"@id\":\"https:\/\/www.taliforda.com\/es\/meet-tali-spanish\/#primaryimage\"},\"image\":{\"@id\":\"https:\/\/www.taliforda.com\/es\/meet-tali-spanish\/#primaryimage\"},\"thumbnailUrl\":\"https:\/\/www.taliforda.com\/wp-content\/uploads\/2020\/06\/20200510-_DSC2567.custom1fl.jpg\",\"datePublished\":\"2020-05-20T22:33:03+00:00\",\"dateModified\":\"2020-07-06T14:34:49+00:00\",\"breadcrumb\":{\"@id\":\"https:\/\/www.taliforda.com\/es\/meet-tali-spanish\/#breadcrumb\"},\"inLanguage\":\"es\",\"potentialAction\":[{\"@type\":\"ReadAction\",\"target\":[\"https:\/\/www.taliforda.com\/es\/meet-tali-spanish\/\"]}]},{\"@type\":\"ImageObject\",\"inLanguage\":\"es\",\"@id\":\"https:\/\/www.taliforda.com\/es\/meet-tali-spanish\/#primaryimage\",\"url\":\"https:\/\/www.taliforda.com\/wp-content\/uploads\/2020\/06\/20200510-_DSC2567.custom1fl.jpg\",\"contentUrl\":\"https:\/\/www.taliforda.com\/wp-content\/uploads\/2020\/06\/20200510-_DSC2567.custom1fl.jpg\"},{\"@type\":\"BreadcrumbList\",\"@id\":\"https:\/\/www.taliforda.com\/es\/meet-tali-spanish\/#breadcrumb\",\"itemListElement\":[{\"@type\":\"ListItem\",\"position\":1,\"name\":\"Home\",\"item\":\"https:\/\/www.taliforda.com\/es\/\"},{\"@type\":\"ListItem\",\"position\":2,\"name\":\"Conoce a TFW\"}]},{\"@type\":\"WebSite\",\"@id\":\"https:\/\/www.taliforda.com\/es\/#website\",\"url\":\"https:\/\/www.taliforda.com\/es\/\",\"name\":\"Tali Farhadian Weinstein for Manhattan DA\",\"description\":\"\",\"publisher\":{\"@id\":\"https:\/\/www.taliforda.com\/es\/#organization\"},\"potentialAction\":[{\"@type\":\"SearchAction\",\"target\":{\"@type\":\"EntryPoint\",\"urlTemplate\":\"https:\/\/www.taliforda.com\/es\/?s={search_term_string}\"},\"query-input\":{\"@type\":\"PropertyValueSpecification\",\"valueRequired\":true,\"valueName\":\"search_term_string\"}}],\"inLanguage\":\"es\"},{\"@type\":\"Organization\",\"@id\":\"https:\/\/www.taliforda.com\/es\/#organization\",\"name\":\"Tali Farhadian Weinstein for Manhattan DA\",\"url\":\"https:\/\/www.taliforda.com\/es\/\",\"logo\":{\"@type\":\"ImageObject\",\"inLanguage\":\"es\",\"@id\":\"https:\/\/www.taliforda.com\/es\/#\/schema\/logo\/image\/\",\"url\":\"https:\/\/www.taliforda.com\/wp-content\/uploads\/2020\/07\/Tali_scaffolding_1200x628.png\",\"contentUrl\":\"https:\/\/www.taliforda.com\/wp-content\/uploads\/2020\/07\/Tali_scaffolding_1200x628.png\",\"width\":1200,\"height\":628,\"caption\":\"Tali Farhadian Weinstein for Manhattan DA\"},\"image\":{\"@id\":\"https:\/\/www.taliforda.com\/es\/#\/schema\/logo\/image\/\"},\"sameAs\":[\"https:\/\/www.facebook.com\/Tali-Farhadian-Weinstein-111148120626207\",\"https:\/\/x.com\/TaliFarhadian\",\"https:\/\/www.instagram.com\/talifarhadianweinstein\/\",\"https:\/\/www.youtube.com\/channel\/UCgqkf8sK4RdBEkiOu-dYNDw?view_as=subscriber\"]}]}<\/script>\n<!-- \/ Yoast SEO plugin. -->","yoast_head_json":{"title":"Conoce a TFW - Tali Farhadian Weinstein for Manhattan DA","robots":{"index":"index","follow":"follow","max-snippet":"max-snippet:-1","max-image-preview":"max-image-preview:large","max-video-preview":"max-video-preview:-1"},"canonical":"https:\/\/www.taliforda.com\/es\/meet-tali-spanish\/","og_locale":"es_ES","og_type":"article","og_title":"Conoce a TFW - Tali Farhadian Weinstein for Manhattan DA","og_description":"Tali Farhadian Weinstein es fiscal, profesora y una reformadora comprobada de la justicia penal. Tambi\u00e9n es inmigrante, hija, esposa y es madre de tres ni\u00f1as. Tali lleg\u00f3 a Estados Unidos cuando era ni\u00f1a en busca de esperanza en la v\u00edspera de Navidad de 1979, huyendo de la violencia y el antisemitismo del Ir\u00e1n revolucionario. La &hellip;","og_url":"https:\/\/www.taliforda.com\/es\/meet-tali-spanish\/","og_site_name":"Tali Farhadian Weinstein for Manhattan DA","article_publisher":"https:\/\/www.facebook.com\/Tali-Farhadian-Weinstein-111148120626207","article_modified_time":"2020-07-06T14:34:49+00:00","og_image":[{"url":"https:\/\/www.taliforda.com\/wp-content\/uploads\/2020\/06\/20200510-_DSC2567.custom1fl.jpg","type":"","width":"","height":""}],"twitter_card":"summary_large_image","twitter_site":"@TaliFarhadian","twitter_misc":{"Tiempo de lectura":"3 minutos"},"schema":{"@context":"https:\/\/schema.org","@graph":[{"@type":"WebPage","@id":"https:\/\/www.taliforda.com\/es\/meet-tali-spanish\/","url":"https:\/\/www.taliforda.com\/es\/meet-tali-spanish\/","name":"Conoce a TFW - Tali Farhadian Weinstein for Manhattan DA","isPartOf":{"@id":"https:\/\/www.taliforda.com\/es\/#website"},"primaryImageOfPage":{"@id":"https:\/\/www.taliforda.com\/es\/meet-tali-spanish\/#primaryimage"},"image":{"@id":"https:\/\/www.taliforda.com\/es\/meet-tali-spanish\/#primaryimage"},"thumbnailUrl":"https:\/\/www.taliforda.com\/wp-content\/uploads\/2020\/06\/20200510-_DSC2567.custom1fl.jpg","datePublished":"2020-05-20T22:33:03+00:00","dateModified":"2020-07-06T14:34:49+00:00","breadcrumb":{"@id":"https:\/\/www.taliforda.com\/es\/meet-tali-spanish\/#breadcrumb"},"inLanguage":"es","potentialAction":[{"@type":"ReadAction","target":["https:\/\/www.taliforda.com\/es\/meet-tali-spanish\/"]}]},{"@type":"ImageObject","inLanguage":"es","@id":"https:\/\/www.taliforda.com\/es\/meet-tali-spanish\/#primaryimage","url":"https:\/\/www.taliforda.com\/wp-content\/uploads\/2020\/06\/20200510-_DSC2567.custom1fl.jpg","contentUrl":"https:\/\/www.taliforda.com\/wp-content\/uploads\/2020\/06\/20200510-_DSC2567.custom1fl.jpg"},{"@type":"BreadcrumbList","@id":"https:\/\/www.taliforda.com\/es\/meet-tali-spanish\/#breadcrumb","itemListElement":[{"@type":"ListItem","position":1,"name":"Home","item":"https:\/\/www.taliforda.com\/es\/"},{"@type":"ListItem","position":2,"name":"Conoce a TFW"}]},{"@type":"WebSite","@id":"https:\/\/www.taliforda.com\/es\/#website","url":"https:\/\/www.taliforda.com\/es\/","name":"Tali Farhadian Weinstein for Manhattan DA","description":"","publisher":{"@id":"https:\/\/www.taliforda.com\/es\/#organization"},"potentialAction":[{"@type":"SearchAction","target":{"@type":"EntryPoint","urlTemplate":"https:\/\/www.taliforda.com\/es\/?s={search_term_string}"},"query-input":{"@type":"PropertyValueSpecification","valueRequired":true,"valueName":"search_term_string"}}],"inLanguage":"es"},{"@type":"Organization","@id":"https:\/\/www.taliforda.com\/es\/#organization","name":"Tali Farhadian Weinstein for Manhattan DA","url":"https:\/\/www.taliforda.com\/es\/","logo":{"@type":"ImageObject","inLanguage":"es","@id":"https:\/\/www.taliforda.com\/es\/#\/schema\/logo\/image\/","url":"https:\/\/www.taliforda.com\/wp-content\/uploads\/2020\/07\/Tali_scaffolding_1200x628.png","contentUrl":"https:\/\/www.taliforda.com\/wp-content\/uploads\/2020\/07\/Tali_scaffolding_1200x628.png","width":1200,"height":628,"caption":"Tali Farhadian Weinstein for Manhattan DA"},"image":{"@id":"https:\/\/www.taliforda.com\/es\/#\/schema\/logo\/image\/"},"sameAs":["https:\/\/www.facebook.com\/Tali-Farhadian-Weinstein-111148120626207","https:\/\/x.com\/TaliFarhadian","https:\/\/www.instagram.com\/talifarhadianweinstein\/","https:\/\/www.youtube.com\/channel\/UCgqkf8sK4RdBEkiOu-dYNDw?view_as=subscriber"]}]}},"_links":{"self":[{"href":"https:\/\/www.taliforda.com\/es\/wp-json\/wp\/v2\/pages\/371","targetHints":{"allow":["GET"]}}],"collection":[{"href":"https:\/\/www.taliforda.com\/es\/wp-json\/wp\/v2\/pages"}],"about":[{"href":"https:\/\/www.taliforda.com\/es\/wp-json\/wp\/v2\/types\/page"}],"author":[{"embeddable":true,"href":"https:\/\/www.taliforda.com\/es\/wp-json\/wp\/v2\/users\/3"}],"replies":[{"embeddable":true,"href":"https:\/\/www.taliforda.com\/es\/wp-json\/wp\/v2\/comments?post=371"}],"version-history":[{"count":0,"href":"https:\/\/www.taliforda.com\/es\/wp-json\/wp\/v2\/pages\/371\/revisions"}],"wp:attachment":[{"href":"https:\/\/www.taliforda.com\/es\/wp-json\/wp\/v2\/media?parent=371"}],"curies":[{"name":"wp","href":"https:\/\/api.w.org\/{rel}","templated":true}]}}